{"id":2779,"date":"2021-05-05T14:40:38","date_gmt":"2021-05-05T12:40:38","guid":{"rendered":"https:\/\/www.visitrimini.com\/?page_id=2779"},"modified":"2025-07-28T15:19:26","modified_gmt":"2025-07-28T13:19:26","slug":"visitrimini","status":"publish","type":"page","link":"https:\/\/www.visitrimini.com\/de\/visitrimini\/","title":{"rendered":"<strong>VisitRimini<\/strong>"},"content":{"rendered":"<p data-start=\"108\" data-end=\"557\"><strong data-start=\"108\" data-end=\"193\">VisitRimini ist f\u00fcr Information, G\u00e4stebetreuung und Tourismusf\u00f6rderung zust\u00e4ndig.<\/strong><br data-start=\"193\" data-end=\"196\" \/>Wir betreiben die Touristeninformationsb\u00fcros der Stadt Rimini <strong data-start=\"258\" data-end=\"299\">im Auftrag der Stadtverwaltung Rimini<\/strong>. Unser Hotelbuchungsservice steht Ihnen direkt vor Ort, telefonisch oder online \u00fcber dieses Portal zur Verf\u00fcgung. Wir bieten Erlebnisse an, mit denen Sie Stadt und Umland entdecken k\u00f6nnen \u2013 Kultur, Natur, Abenteuer und Unterhaltung <strong data-start=\"532\" data-end=\"557\">an 365 Tagen im Jahr!<\/strong><\/p>\n<p data-start=\"559\" data-end=\"767\">Auch f\u00fcr Reiseveranstalter stehen wir zur Verf\u00fcgung: Wir entwickeln ma\u00dfgeschneiderte Angebote f\u00fcr Aufenthalte und Events, die allen Erwartungen gerecht werden. F\u00fcr die Presse bieten wir einen eigenen Service.<\/p>\n<p data-start=\"769\" data-end=\"811\"><strong data-start=\"769\" data-end=\"811\">Z\u00f6gern Sie nicht, uns zu kontaktieren!<\/strong><\/p>\n","protected":false},"excerpt":{"rendered":"<p>VisitRimini ist f\u00fcr Information, G\u00e4stebetreuung und Tourismusf\u00f6rderung zust\u00e4ndig.Wir betreiben die Touristeninformationsb\u00fcros der Stadt Rimini im Auftrag der Stadtverwaltung Rimini. Unser<\/p>\n","protected":false},"author":2,"featured_media":0,"parent":0,"menu_order":3,"comment_status":"closed","ping_status":"closed","template":"page-templates\/singola-categoria.php","meta":[],"yoast_head":"<!-- This site is optimized with the Yoast SEO plugin v16.2 - https:\/\/yoast.com\/wordpress\/plugins\/seo\/ -->\n<title>VisitRimini - Visit Rimini<\/title>\n<meta name=\"robots\" content=\"index, follow, max-snippet:-1, max-image-preview:large, max-video-preview:-1\" \/>\n<meta property=\"og:locale\" content=\"de_DE\" \/>\n<meta property=\"og:type\" content=\"article\" \/>\n<meta property=\"og:title\" content=\"VisitRimini - Visit Rimini\" \/>\n<meta property=\"og:description\" content=\"VisitRimini ist f\u00fcr Information, G\u00e4stebetreuung und Tourismusf\u00f6rderung zust\u00e4ndig.Wir betreiben die Touristeninformationsb\u00fcros der Stadt Rimini im Auftrag der Stadtverwaltung Rimini. Unser\" \/>\n<meta property=\"og:url\" content=\"https:\/\/www.visitrimini.com\/de\/visitrimini\/\" \/>\n<meta property=\"og:site_name\" content=\"Visit Rimini\" \/>\n<meta property=\"article:modified_time\" content=\"2025-07-28T13:19:26+00:00\" \/>\n<meta name=\"twitter:card\" content=\"summary_large_image\" \/>\n<meta name=\"twitter:label1\" content=\"Gesch\u00e4tzte Lesezeit\">\n\t<meta name=\"twitter:data1\" content=\"1\u00a0Minute\">\n<script type=\"application\/ld+json\" class=\"yoast-schema-graph\">{\"@context\":\"https:\/\/schema.org\",\"@graph\":[{\"@type\":\"WebSite\",\"@id\":\"https:\/\/www.visitrimini.com\/#website\",\"url\":\"https:\/\/www.visitrimini.com\/\",\"name\":\"Visit Rimini\",\"description\":\"Un nuovo sito targato WordPress\",\"potentialAction\":[{\"@type\":\"SearchAction\",\"target\":\"https:\/\/www.visitrimini.com\/?s={search_term_string}\",\"query-input\":\"required name=search_term_string\"}],\"inLanguage\":\"de\"},{\"@type\":\"WebPage\",\"@id\":\"https:\/\/www.visitrimini.com\/de\/visitrimini\/#webpage\",\"url\":\"https:\/\/www.visitrimini.com\/de\/visitrimini\/\",\"name\":\"VisitRimini - Visit Rimini\",\"isPartOf\":{\"@id\":\"https:\/\/www.visitrimini.com\/#website\"},\"datePublished\":\"2021-05-05T12:40:38+00:00\",\"dateModified\":\"2025-07-28T13:19:26+00:00\",\"breadcrumb\":{\"@id\":\"https:\/\/www.visitrimini.com\/de\/visitrimini\/#breadcrumb\"},\"inLanguage\":\"de\",\"potentialAction\":[{\"@type\":\"ReadAction\",\"target\":[\"https:\/\/www.visitrimini.com\/de\/visitrimini\/\"]}]},{\"@type\":\"BreadcrumbList\",\"@id\":\"https:\/\/www.visitrimini.com\/de\/visitrimini\/#breadcrumb\",\"itemListElement\":[{\"@type\":\"ListItem\",\"position\":1,\"item\":{\"@type\":\"WebPage\",\"@id\":\"https:\/\/www.visitrimini.com\/de\/\",\"url\":\"https:\/\/www.visitrimini.com\/de\/\",\"name\":\"Home\"}},{\"@type\":\"ListItem\",\"position\":2,\"item\":{\"@id\":\"https:\/\/www.visitrimini.com\/de\/visitrimini\/#webpage\"}}]}]}<\/script>\n<!-- \/ Yoast SEO plugin. -->","_links":{"self":[{"href":"https:\/\/www.visitrimini.com\/de\/wp-json\/wp\/v2\/pages\/2779"}],"collection":[{"href":"https:\/\/www.visitrimini.com\/de\/wp-json\/wp\/v2\/pages"}],"about":[{"href":"https:\/\/www.visitrimini.com\/de\/wp-json\/wp\/v2\/types\/page"}],"author":[{"embeddable":true,"href":"https:\/\/www.visitrimini.com\/de\/wp-json\/wp\/v2\/users\/2"}],"replies":[{"embeddable":true,"href":"https:\/\/www.visitrimini.com\/de\/wp-json\/wp\/v2\/comments?post=2779"}],"version-history":[{"count":11,"href":"https:\/\/www.visitrimini.com\/de\/wp-json\/wp\/v2\/pages\/2779\/revisions"}],"predecessor-version":[{"id":31766,"href":"https:\/\/www.visitrimini.com\/de\/wp-json\/wp\/v2\/pages\/2779\/revisions\/31766"}],"wp:attachment":[{"href":"https:\/\/www.visitrimini.com\/de\/wp-json\/wp\/v2\/media?parent=2779"}],"curies":[{"name":"wp","href":"https:\/\/api.w.org\/{rel}","templated":true}]}}