{"id":2781,"date":"2021-05-05T14:31:07","date_gmt":"2021-05-05T12:31:07","guid":{"rendered":"https:\/\/www.visitrimini.com\/?page_id=2781"},"modified":"2025-07-28T15:18:48","modified_gmt":"2025-07-28T13:18:48","slug":"visitrimini","status":"publish","type":"page","link":"https:\/\/www.visitrimini.com\/fr\/visitrimini\/","title":{"rendered":"<strong>VisitRimini<\/strong>"},"content":{"rendered":"<p data-start=\"121\" data-end=\"607\"><strong data-start=\"121\" data-end=\"199\">VisitRimini s\u2019occupe d\u2019information, d\u2019accueil et de promotion touristique.<\/strong><br data-start=\"199\" data-end=\"202\" \/>Nous g\u00e9rons les bureaux d\u2019information touristique de la ville de Rimini <strong data-start=\"274\" data-end=\"321\">pour le compte de la Municipalit\u00e9 de Rimini<\/strong>. Nous proposons un service de r\u00e9servation d\u2019h\u00f4tels directement en bureau, par t\u00e9l\u00e9phone ou en ligne via ce portail. Nous sugg\u00e9rons des exp\u00e9riences \u00e0 vivre en ville et dans la r\u00e9gion, \u00e0 la d\u00e9couverte de la culture, de la nature, de l\u2019aventure et du divertissement <strong data-start=\"585\" data-end=\"607\">365 jours par an !<\/strong><\/p>\n<p data-start=\"609\" data-end=\"829\">Nous sommes \u00e9galement \u00e0 la disposition des professionnels du tourisme, en d\u00e9veloppant des propositions sur mesure pour des s\u00e9jours et \u00e9v\u00e9nements \u00e0 la hauteur de toutes les attentes, ainsi qu\u2019un service d\u00e9di\u00e9 \u00e0 la presse.<\/p>\n<p data-start=\"831\" data-end=\"867\"><strong data-start=\"831\" data-end=\"867\">N\u2019h\u00e9sitez pas \u00e0 nous contacter !<\/strong><\/p>\n","protected":false},"excerpt":{"rendered":"<p>VisitRimini s\u2019occupe d\u2019information, d\u2019accueil et de promotion touristique.Nous g\u00e9rons les bureaux d\u2019information touristique de la ville de Rimini pour le<\/p>\n","protected":false},"author":2,"featured_media":0,"parent":0,"menu_order":3,"comment_status":"closed","ping_status":"closed","template":"page-templates\/singola-categoria.php","meta":[],"yoast_head":"<!-- This site is optimized with the Yoast SEO plugin v16.2 - https:\/\/yoast.com\/wordpress\/plugins\/seo\/ -->\n<title>VisitRimini - Visit Rimini<\/title>\n<meta name=\"robots\" content=\"index, follow, max-snippet:-1, max-image-preview:large, max-video-preview:-1\" \/>\n<meta property=\"og:locale\" content=\"fr_FR\" \/>\n<meta property=\"og:type\" content=\"article\" \/>\n<meta property=\"og:title\" content=\"VisitRimini - Visit Rimini\" \/>\n<meta property=\"og:description\" content=\"VisitRimini s\u2019occupe d\u2019information, d\u2019accueil et de promotion touristique.Nous g\u00e9rons les bureaux d\u2019information touristique de la ville de Rimini pour le\" \/>\n<meta property=\"og:url\" content=\"https:\/\/www.visitrimini.com\/fr\/visitrimini\/\" \/>\n<meta property=\"og:site_name\" content=\"Visit Rimini\" \/>\n<meta property=\"article:modified_time\" content=\"2025-07-28T13:18:48+00:00\" \/>\n<meta name=\"twitter:card\" content=\"summary_large_image\" \/>\n<meta name=\"twitter:label1\" content=\"Dur\u00e9e de lecture est.\">\n\t<meta name=\"twitter:data1\" content=\"1 minute\">\n<script type=\"application\/ld+json\" class=\"yoast-schema-graph\">{\"@context\":\"https:\/\/schema.org\",\"@graph\":[{\"@type\":\"WebSite\",\"@id\":\"https:\/\/www.visitrimini.com\/#website\",\"url\":\"https:\/\/www.visitrimini.com\/\",\"name\":\"Visit Rimini\",\"description\":\"Un nuovo sito targato WordPress\",\"potentialAction\":[{\"@type\":\"SearchAction\",\"target\":\"https:\/\/www.visitrimini.com\/?s={search_term_string}\",\"query-input\":\"required name=search_term_string\"}],\"inLanguage\":\"fr-FR\"},{\"@type\":\"WebPage\",\"@id\":\"https:\/\/www.visitrimini.com\/fr\/visitrimini\/#webpage\",\"url\":\"https:\/\/www.visitrimini.com\/fr\/visitrimini\/\",\"name\":\"VisitRimini - Visit Rimini\",\"isPartOf\":{\"@id\":\"https:\/\/www.visitrimini.com\/#website\"},\"datePublished\":\"2021-05-05T12:31:07+00:00\",\"dateModified\":\"2025-07-28T13:18:48+00:00\",\"breadcrumb\":{\"@id\":\"https:\/\/www.visitrimini.com\/fr\/visitrimini\/#breadcrumb\"},\"inLanguage\":\"fr-FR\",\"potentialAction\":[{\"@type\":\"ReadAction\",\"target\":[\"https:\/\/www.visitrimini.com\/fr\/visitrimini\/\"]}]},{\"@type\":\"BreadcrumbList\",\"@id\":\"https:\/\/www.visitrimini.com\/fr\/visitrimini\/#breadcrumb\",\"itemListElement\":[{\"@type\":\"ListItem\",\"position\":1,\"item\":{\"@type\":\"WebPage\",\"@id\":\"https:\/\/www.visitrimini.com\/fr\/\",\"url\":\"https:\/\/www.visitrimini.com\/fr\/\",\"name\":\"Home\"}},{\"@type\":\"ListItem\",\"position\":2,\"item\":{\"@id\":\"https:\/\/www.visitrimini.com\/fr\/visitrimini\/#webpage\"}}]}]}<\/script>\n<!-- \/ Yoast SEO plugin. -->","_links":{"self":[{"href":"https:\/\/www.visitrimini.com\/fr\/wp-json\/wp\/v2\/pages\/2781"}],"collection":[{"href":"https:\/\/www.visitrimini.com\/fr\/wp-json\/wp\/v2\/pages"}],"about":[{"href":"https:\/\/www.visitrimini.com\/fr\/wp-json\/wp\/v2\/types\/page"}],"author":[{"embeddable":true,"href":"https:\/\/www.visitrimini.com\/fr\/wp-json\/wp\/v2\/users\/2"}],"replies":[{"embeddable":true,"href":"https:\/\/www.visitrimini.com\/fr\/wp-json\/wp\/v2\/comments?post=2781"}],"version-history":[{"count":10,"href":"https:\/\/www.visitrimini.com\/fr\/wp-json\/wp\/v2\/pages\/2781\/revisions"}],"predecessor-version":[{"id":31765,"href":"https:\/\/www.visitrimini.com\/fr\/wp-json\/wp\/v2\/pages\/2781\/revisions\/31765"}],"wp:attachment":[{"href":"https:\/\/www.visitrimini.com\/fr\/wp-json\/wp\/v2\/media?parent=2781"}],"curies":[{"name":"wp","href":"https:\/\/api.w.org\/{rel}","templated":true}]}}